{"id":19,"date":"2014-03-22T12:39:07","date_gmt":"2014-03-22T12:39:07","guid":{"rendered":"https:\/\/www.carramba.ee\/?page_id=19"},"modified":"2017-03-29T12:28:48","modified_gmt":"2017-03-29T09:28:48","slug":"cantina-carramba","status":"publish","type":"page","link":"https:\/\/www.carramba.ee\/en\/cantina-carramba\/","title":{"rendered":"Cantina Carramba"},"content":{"rendered":"<p><\/p>\n<p>Cantina Carramba on 1997. aastal avatud hubane ja stiilne Mehhiko restoran. Men\u00fc\u00fcs tulised Mehhiko road ja traditsiooniline tex-mex. Asume Kadrioru s\u00fcdames \u2013 maalilise Kadrioru pargi veerel, Kumu kunstimuuseumi ja Kadrioru lossi vahetus l\u00e4heduses. Sa ei pea reisima \u00fcle ookeani, et osa saada Mehhiko maitsetest. R\u00f5\u00f5msad elamused ja maitsev kokakunst ootavad Sind Cantina Carrambas.<\/p>\n<p>Tere tulemast Carrambasse!<\/p>\n<p><\/p>","protected":false},"excerpt":{"rendered":"<p>Cantina Carramba on 1997. aastal avatud hubane ja stiilne Mehhiko restoran. Men\u00fc\u00fcs tulised Mehhiko road ja traditsiooniline tex-mex. Asume Kadrioru s\u00fcdames \u2013 maalilise Kadrioru pargi veerel, Kumu kunstimuuseumi ja Kadrioru lossi vahetus l\u00e4heduses. Sa ei pea reisima \u00fcle ookeani, et osa saada Mehhiko maitsetest. R\u00f5\u00f5msad elamused ja maitsev kokakunst ootavad Sind Cantina Carrambas. Tere tulemast Carrambasse!<\/p>\n","protected":false},"author":1,"featured_media":0,"parent":0,"menu_order":0,"comment_status":"closed","ping_status":"closed","template":"","meta":{"footnotes":""},"class_list":["post-19","page","type-page","status-publish","hentry"],"_links":{"self":[{"href":"https:\/\/www.carramba.ee\/en\/wp-json\/wp\/v2\/pages\/19","targetHints":{"allow":["GET"]}}],"collection":[{"href":"https:\/\/www.carramba.ee\/en\/wp-json\/wp\/v2\/pages"}],"about":[{"href":"https:\/\/www.carramba.ee\/en\/wp-json\/wp\/v2\/types\/page"}],"author":[{"embeddable":true,"href":"https:\/\/www.carramba.ee\/en\/wp-json\/wp\/v2\/users\/1"}],"replies":[{"embeddable":true,"href":"https:\/\/www.carramba.ee\/en\/wp-json\/wp\/v2\/comments?post=19"}],"version-history":[{"count":5,"href":"https:\/\/www.carramba.ee\/en\/wp-json\/wp\/v2\/pages\/19\/revisions"}],"predecessor-version":[{"id":267,"href":"https:\/\/www.carramba.ee\/en\/wp-json\/wp\/v2\/pages\/19\/revisions\/267"}],"wp:attachment":[{"href":"https:\/\/www.carramba.ee\/en\/wp-json\/wp\/v2\/media?parent=19"}],"curies":[{"name":"wp","href":"https:\/\/api.w.org\/{rel}","templated":true}]}}